{"id":1365,"date":"2020-07-21T22:11:59","date_gmt":"2020-07-21T20:11:59","guid":{"rendered":"http:\/\/themeshelby.com\/attarni\/?page_id=1365"},"modified":"2023-07-26T12:08:47","modified_gmt":"2023-07-26T10:08:47","slug":"unsere-leistungen","status":"publish","type":"page","link":"https:\/\/hausmeisterwerk.de\/en\/unsere-leistungen","title":{"rendered":"Unsere Leistungen"},"content":{"rendered":"\t\t<div data-elementor-type=\"wp-page\" data-elementor-id=\"1365\" class=\"elementor elementor-1365\" data-elementor-post-type=\"page\">\n\t\t\t\t\t\t<section data-exad-particle-enable=\"false\" class=\"elementor-section elementor-top-section elementor-element elementor-element-bf2706a elementor-section-stretched elementor-section-boxed elementor-section-height-default elementor-section-height-default exad-parallax-effect-no exad-background-color-change-no cd-bg-color-transparent exad-glass-effect-no exad-sticky-section-no\" data-id=\"bf2706a\" data-element_type=\"section\" data-settings=\"{&quot;background_background&quot;:&quot;classic&quot;,&quot;stretch_section&quot;:&quot;section-stretched&quot;}\">\n\t\t\t\t\t\t\t<div class=\"elementor-background-overlay\"><\/div>\n\t\t\t\t\t\t\t<div class=\"elementor-container elementor-column-gap-default\">\n\t\t\t\t\t<div class=\"elementor-column elementor-col-100 elementor-top-column elementor-element elementor-element-100c78d cd-bg-color-transparent exad-glass-effect-no exad-sticky-section-no\" data-id=\"100c78d\" data-element_type=\"column\">\n\t\t\t<div class=\"elementor-widget-wrap elementor-element-populated\">\n\t\t\t\t\t\t<div class=\"elementor-element elementor-element-aa5d88e exad-sticky-section-no exad-glass-effect-no elementor-widget elementor-widget-heading\" data-id=\"aa5d88e\" data-element_type=\"widget\" data-widget_type=\"heading.default\">\n\t\t\t\t<div class=\"elementor-widget-container\">\n\t\t\t<style>\/*! elementor - v3.23.0 - 15-07-2024 *\/\n.elementor-heading-title{padding:0;margin:0;line-height:1}.elementor-widget-heading .elementor-heading-title[class*=elementor-size-]>a{color:inherit;font-size:inherit;line-height:inherit}.elementor-widget-heading .elementor-heading-title.elementor-size-small{font-size:15px}.elementor-widget-heading .elementor-heading-title.elementor-size-medium{font-size:19px}.elementor-widget-heading .elementor-heading-title.elementor-size-large{font-size:29px}.elementor-widget-heading .elementor-heading-title.elementor-size-xl{font-size:39px}.elementor-widget-heading .elementor-heading-title.elementor-size-xxl{font-size:59px}<\/style><h2 class=\"elementor-heading-title elementor-size-default\">Unsere Leistungen<\/h2>\t\t<\/div>\n\t\t\t\t<\/div>\n\t\t\t\t<div class=\"elementor-element elementor-element-1ce90dd exad-sticky-section-no exad-glass-effect-no elementor-widget elementor-widget-hendy-services\" data-id=\"1ce90dd\" data-element_type=\"widget\" data-widget_type=\"hendy-services.default\">\n\t\t\t\t<div class=\"elementor-widget-container\">\n\t\t\t\t\t<div class=\"hkangles-elementor-widget hkangles_services_wrappers services-style-4 services-layout-grid hkangles-widget-sortable-\">\n\t\t\t\t\t\t<div class=\"row hkangles-elementor-widgets\">\n\t\t\t<div class=\"hkangles-ele col-xl-4 col-lg-4 col-md-6 col-sm-12  hkangles-service-style-wrap\">\n\t\t\t<div class=\"hkangles-service-slide\">\n\t<div class=\"hkangles-service-wrapper\">\t\t\t\t\n\t\t<div class=\"hkangles-service-thumbnail-wrapper\">\n\t\t\t\t\t\t<div class=\"hkangles-service-image-container\">\n\t\t\t\t\t\t\t\t\t<img decoding=\"async\" class=\"hkangles-service-image\" src=\"https:\/\/hausmeisterwerk.de\/wp-content\/uploads\/2023\/04\/PHOTO-2023-06-17-00-22-40-600x430.jpg\" alt=\"Steinreinigung\" title=\"\">\n\t\t\t\t\t\t\t\t<\/div>\t\t\t\t\n\t\t<\/div>\n\t\t<div class=\"hkangles-service-content-cover\">\n\t\t\t<div class=\"hkangles-service-icon\">\n\t\t\t\t\t\t\t\t\t<i class=\"fas fa-door-open\"><\/i>\n\t\t\t\t\t\t\t\t<\/div>\t\n\t\t\t<div class=\"hkangles-service-title-wrap\">\n\t\t\t\t<h3 class=\"hkangles-service-title\"><a href=\"https:\/\/hausmeisterwerk.de\/en\/Hausmeisterserviceservice\/steinreinigung-offenbach\">Steinreinigung<\/a><\/h3>\n\t\t\t\t<div class=\"hkangles-service-content\">\t\t\t\t\t\t\n\t\t\t\t\t<p>Steinreinigung Pflastersteine und Natursteine sind nicht nur praktisch, sondern auch eine optische Bereicherung f\u00fcr jedes Grundst\u00fcck. Egal, ob es sich um Ihre Garageneinfahrt, die Fassade, die Terrasse oder den Eingangsbereich handelt \u2013 diese Materialien verleihen Ihrem Au\u00dfenbereich ein gepflegtes und hochwertiges Erscheinungsbild. Doch im Laufe der Zeit setzen sich auf den Steinoberfl\u00e4chen Schmutz, Algen und [&hellip;]<\/p>\n\t\t\t\t<\/div>\n\t\t\t<\/div>\n\t\t\t<div class=\"read-more-link\">\n\t\t\t\t<a href=\"https:\/\/hausmeisterwerk.de\/en\/Hausmeisterserviceservice\/steinreinigung-offenbach\">Read More<\/a>\n\t\t\t<\/div>\n\t\t<\/div>\n\t<\/div>\n<\/div>\n\t\t<\/div>\n\t\t\t\t<div class=\"hkangles-ele col-xl-4 col-lg-4 col-md-6 col-sm-12 hausmeisterservice hkangles-service-style-wrap\">\n\t\t\t<div class=\"hkangles-service-slide\">\n\t<div class=\"hkangles-service-wrapper\">\t\t\t\t\n\t\t<div class=\"hkangles-service-thumbnail-wrapper\">\n\t\t\t\t\t\t<div class=\"hkangles-service-image-container\">\n\t\t\t\t\t\t\t\t\t<img decoding=\"async\" class=\"hkangles-service-image\" src=\"https:\/\/hausmeisterwerk.de\/wp-content\/uploads\/2021\/05\/Screenshot_2021-05-06-Hausmeisterservice-Hausmeisterwerk-GmbH-1.png\" alt=\"Hausmeisterservice\" title=\"\">\n\t\t\t\t\t\t\t\t<\/div>\t\t\t\t\n\t\t<\/div>\n\t\t<div class=\"hkangles-service-content-cover\">\n\t\t\t<div class=\"hkangles-service-icon\">\n\t\t\t\t\t\t\t\t\t<i class=\"flaticon-technician-2\"><\/i>\n\t\t\t\t\t\t\t\t<\/div>\t\n\t\t\t<div class=\"hkangles-service-title-wrap\">\n\t\t\t\t<h3 class=\"hkangles-service-title\"><a href=\"https:\/\/hausmeisterwerk.de\/en\/Hausmeisterserviceservice\/hausmeisterservice\">Hausmeisterservice<\/a><\/h3>\n\t\t\t\t<div class=\"hkangles-service-content\">\t\t\t\t\t\t\n\t\t\t\t\t<p>Die Wartung, Instandhaltung und Pflege einer Immobilie kostet Zeit und erfordert fachspezifisches Wissen. Durch unsere Erfahrung und als Ansprechpartner mit Fachkompetenz f\u00fchren wir als Hausmeisterservice unsere Aufgaben zur Zufriedenheit der Immobilienverwaltung, Eigent\u00fcmer und Mieter aus. F\u00fcr die regelm\u00e4\u00dfigen Aufgaben teilen wir \u2013 soweit m\u00f6glich \u2013 einen festen Hausmeister f\u00fcr ihr Objekt zu, auf den Sie sich als kompetenten Ansprechpartner [\u2026]<\/p>\n<div class=\"hkangles-list-wrapper\">\n<ul class=\"hkangles-list\">\n<li class=\"list-item\">\n<div class=\"hkangles-list-icon\"><i aria-hidden=\"true\" class=\"flaticon flaticon-check-mark\"><\/i><\/div>\n<p class=\"hkangles-list-info\"><a href=\"#\" target=\"_blank\" rel=\"nofollow noopener\">Years of mineral built up.<\/a><\/p>\n<\/li>\n<li class=\"list-item\">\n<div class=\"hkangles-list-icon\"><i aria-hidden=\"true\" class=\"flaticon flaticon-check-mark\"><\/i><\/div>\n<p class=\"hkangles-list-info\"><a href=\"#\" target=\"_blank\" rel=\"nofollow noopener\"> Root infested pipes<\/a><\/p>\n<\/li>\n<li class=\"list-item\">\n<div class=\"hkangles-list-icon\"><i aria-hidden=\"true\" class=\"flaticon flaticon-check-mark\"><\/i><\/div>\n<p class=\"hkangles-list-info\"><a href=\"#\" target=\"_blank\" rel=\"nofollow noopener\">Foreign objects<\/a><\/p>\n<\/li>\n<\/ul>\n<\/div>\n\t\t\t\t<\/div>\n\t\t\t<\/div>\n\t\t\t<div class=\"read-more-link\">\n\t\t\t\t<a href=\"https:\/\/hausmeisterwerk.de\/en\/Hausmeisterserviceservice\/hausmeisterservice\">Read More<\/a>\n\t\t\t<\/div>\n\t\t<\/div>\n\t<\/div>\n<\/div>\n\t\t<\/div>\n\t\t\t\t<div class=\"hkangles-ele col-xl-4 col-lg-4 col-md-6 col-sm-12 handyman hkangles-service-style-wrap\">\n\t\t\t<div class=\"hkangles-service-slide\">\n\t<div class=\"hkangles-service-wrapper\">\t\t\t\t\n\t\t<div class=\"hkangles-service-thumbnail-wrapper\">\n\t\t\t\t\t\t<div class=\"hkangles-service-image-container\">\n\t\t\t\t\t\t\t\t\t<img decoding=\"async\" class=\"hkangles-service-image\" src=\"https:\/\/hausmeisterwerk.de\/wp-content\/uploads\/2021\/02\/AdobeStock_305218349-scaled.jpeg\" alt=\"Geb\u00e4udereinigung\" title=\"\">\n\t\t\t\t\t\t\t\t<\/div>\t\t\t\t\n\t\t<\/div>\n\t\t<div class=\"hkangles-service-content-cover\">\n\t\t\t<div class=\"hkangles-service-icon\">\n\t\t\t\t\t\t\t\t\t<i class=\"flaticon-mop\"><\/i>\n\t\t\t\t\t\t\t\t<\/div>\t\n\t\t\t<div class=\"hkangles-service-title-wrap\">\n\t\t\t\t<h3 class=\"hkangles-service-title\"><a href=\"https:\/\/hausmeisterwerk.de\/en\/Hausmeisterserviceservice\/gebaeudereinigung-offenbach\">Geb\u00e4udereinigung<\/a><\/h3>\n\t\t\t\t<div class=\"hkangles-service-content\">\t\t\t\t\t\t\n\t\t\t\t\t<p>Um einen guten Werterhalt eines Objektes zu behalten, ist es umso wichtiger sie in gepflegtem und sauberem Zustand zu halten. Dies macht unter anderem ein gutes Wohlbefinden und Image. Damit die Geb\u00e4udeinnenreinigung weiter zu unseren zentralen Dienstleistungen geh\u00f6rt, setzen wir auf modernste Reinigungstechnik und legen besonderen Wert auf qualitativ hochwertige Reinigungsmittel von Herstellern, die Nachweise \u00fcber die Inhaltsstoffe bieten. Alle Reinigungsmittel sind biologisch abbaubar und umweltschonend [\u2026]<\/p>\n<div class=\"hkangles-list-wrapper\">\n<ul class=\"hkangles-list\">\n<li class=\"list-item\">\n<div class=\"hkangles-list-icon\"><i aria-hidden=\"true\" class=\"flaticon flaticon-check-mark\"><\/i><\/div>\n<p class=\"hkangles-list-info\"><a href=\"#\" target=\"_blank\" rel=\"nofollow noopener\">Bathroom Plumbing.<\/a><\/p>\n<\/li>\n<li class=\"list-item\">\n<div class=\"hkangles-list-icon\"><i aria-hidden=\"true\" class=\"flaticon flaticon-check-mark\"><\/i><\/div>\n<p class=\"hkangles-list-info\"><a href=\"#\" target=\"_blank\" rel=\"nofollow noopener\"> Gas Line Services<\/a><\/p>\n<\/li>\n<li class=\"list-item\">\n<div class=\"hkangles-list-icon\"><i aria-hidden=\"true\" class=\"flaticon flaticon-check-mark\"><\/i><\/div>\n<p class=\"hkangles-list-info\"><a href=\"#\" target=\"_blank\" rel=\"nofollow noopener\">Water Line Repair<\/a><\/p>\n<\/li>\n<\/ul>\n<\/div>\n\t\t\t\t<\/div>\n\t\t\t<\/div>\n\t\t\t<div class=\"read-more-link\">\n\t\t\t\t<a href=\"https:\/\/hausmeisterwerk.de\/en\/Hausmeisterserviceservice\/gebaeudereinigung-offenbach\">Read More<\/a>\n\t\t\t<\/div>\n\t\t<\/div>\n\t<\/div>\n<\/div>\n\t\t<\/div>\n\t\t\t\t<div class=\"hkangles-ele col-xl-4 col-lg-4 col-md-6 col-sm-12 hausmeisterservice-hausmeisterservice hkangles-service-style-wrap\">\n\t\t\t<div class=\"hkangles-service-slide\">\n\t<div class=\"hkangles-service-wrapper\">\t\t\t\t\n\t\t<div class=\"hkangles-service-thumbnail-wrapper\">\n\t\t\t\t\t\t<div class=\"hkangles-service-image-container\">\n\t\t\t\t\t\t\t\t\t<img decoding=\"async\" class=\"hkangles-service-image\" src=\"https:\/\/hausmeisterwerk.de\/wp-content\/uploads\/2021\/03\/AdobeStock_285947711-600x430.jpeg\" alt=\"B\u00fcroreinigung\" title=\"\">\n\t\t\t\t\t\t\t\t<\/div>\t\t\t\t\n\t\t<\/div>\n\t\t<div class=\"hkangles-service-content-cover\">\n\t\t\t<div class=\"hkangles-service-icon\">\n\t\t\t\t\t\t\t\t\t<i class=\"flaticon-cleaning-staff\"><\/i>\n\t\t\t\t\t\t\t\t<\/div>\t\n\t\t\t<div class=\"hkangles-service-title-wrap\">\n\t\t\t\t<h3 class=\"hkangles-service-title\"><a href=\"https:\/\/hausmeisterwerk.de\/en\/Hausmeisterserviceservice\/bueroreinigung\">B\u00fcroreinigung<\/a><\/h3>\n\t\t\t\t<div class=\"hkangles-service-content\">\t\t\t\t\t\t\n\t\t\t\t\t<p>Wir sorgen daf\u00fcr, dass Ihre Mitarbeiter sich am Arbeitsplatz genauso wohlf\u00fchlen wie zu Hause. Eine B\u00fcroreinigung ist je nach Beschaffenheit und Nutzung Ihres Standortes ein- bis mehrmals w\u00f6chentlich n\u00f6tig. Dazu geh\u00f6rt das Saugen oder Wischen der Fu\u00dfb\u00f6den, das Abstauben von B\u00fcrom\u00f6beln und B\u00fcrotechnik sowie das Entleeren der Abfallbeh\u00e4lter. Zus\u00e4tzlich zu dieser Unterhaltsreinigung f\u00fchren wir nach Reinigungsplan ein- bis mehrmals monatlich [\u2026]<\/p>\n<div class=\"hkangles-list-wrapper\">\n<ul class=\"hkangles-list\">\n<li class=\"list-item\">\n<div class=\"hkangles-list-icon\"><i aria-hidden=\"true\" class=\"flaticon flaticon-check-mark\"><\/i><\/div>\n<p class=\"hkangles-list-info\"><a href=\"#\" target=\"_blank\" rel=\"nofollow noopener\">Basement Plumbing.<\/a><\/p>\n<\/li>\n<li class=\"list-item\">\n<div class=\"hkangles-list-icon\"><i aria-hidden=\"true\" class=\"flaticon flaticon-check-mark\"><\/i><\/div>\n<p class=\"hkangles-list-info\"><a href=\"#\" target=\"_blank\" rel=\"nofollow noopener\"> Root infested pipes<\/a><\/p>\n<\/li>\n<li class=\"list-item\">\n<div class=\"hkangles-list-icon\"><i aria-hidden=\"true\" class=\"flaticon flaticon-check-mark\"><\/i><\/div>\n<p class=\"hkangles-list-info\"><a href=\"#\" target=\"_blank\" rel=\"nofollow noopener\">Remodeling Service<\/a><\/p>\n<\/li>\n<\/ul>\n<\/div>\n\t\t\t\t<\/div>\n\t\t\t<\/div>\n\t\t\t<div class=\"read-more-link\">\n\t\t\t\t<a href=\"https:\/\/hausmeisterwerk.de\/en\/Hausmeisterserviceservice\/bueroreinigung\">Read More<\/a>\n\t\t\t<\/div>\n\t\t<\/div>\n\t<\/div>\n<\/div>\n\t\t<\/div>\n\t\t\t\t<div class=\"hkangles-ele col-xl-4 col-lg-4 col-md-6 col-sm-12 painter hkangles-service-style-wrap\">\n\t\t\t<div class=\"hkangles-service-slide\">\n\t<div class=\"hkangles-service-wrapper\">\t\t\t\t\n\t\t<div class=\"hkangles-service-thumbnail-wrapper\">\n\t\t\t\t\t\t<div class=\"hkangles-service-image-container\">\n\t\t\t\t\t\t\t\t\t<img decoding=\"async\" class=\"hkangles-service-image\" src=\"https:\/\/hausmeisterwerk.de\/wp-content\/uploads\/2021\/05\/Screenshot_2021-05-06-Glasreinigung-Hausmeisterwerk-GmbH.png\" alt=\"Glasreinigung\" title=\"\">\n\t\t\t\t\t\t\t\t<\/div>\t\t\t\t\n\t\t<\/div>\n\t\t<div class=\"hkangles-service-content-cover\">\n\t\t\t<div class=\"hkangles-service-icon\">\n\t\t\t\t\t\t\t\t\t<i class=\"flaticon-window-cleaning\"><\/i>\n\t\t\t\t\t\t\t\t<\/div>\t\n\t\t\t<div class=\"hkangles-service-title-wrap\">\n\t\t\t\t<h3 class=\"hkangles-service-title\"><a href=\"https:\/\/hausmeisterwerk.de\/en\/Hausmeisterserviceservice\/glasreinigung\">Glasreinigung<\/a><\/h3>\n\t\t\t\t<div class=\"hkangles-service-content\">\t\t\t\t\t\t\n\t\t\t\t\t<p>Eine der wichtigsten und anspruchsvollsten Aufgaben bei der Geb\u00e4udereinigung ist die ebenso sorgsame wie effektive Glasreinigung. Von unserem Stammsitz in Offenbach am Main kommen wir daf\u00fcr gerne zu Ihnen nach Frankfurt, Wiesbaden oder Mainz sowie nat\u00fcrlich auch in jeden anderen Ort im Rhein-Main Gebiet. Denn jeder Tag, an dem Sie durch verschmutzte Scheiben oder gar ganze Glasfassaden schauen m\u00fcssen, ist aus unserer Sicht ein Tag zu viel [\u2026] <\/p>\n<div class=\"hkangles-list-wrapper\">\n<ul class=\"hkangles-list\">\n<li class=\"list-item\">\n<div class=\"hkangles-list-icon\"><i aria-hidden=\"true\" class=\"flaticon flaticon-check-mark\"><\/i><\/div>\n<p class=\"hkangles-list-info\"><a href=\"#\" target=\"_blank\" rel=\"nofollow noopener\">Years of mineral built up.<\/a><\/p>\n<\/li>\n<li class=\"list-item\">\n<div class=\"hkangles-list-icon\"><i aria-hidden=\"true\" class=\"flaticon flaticon-check-mark\"><\/i><\/div>\n<p class=\"hkangles-list-info\"><a href=\"#\" target=\"_blank\" rel=\"nofollow noopener\"> Root infested pipes<\/a><\/p>\n<\/li>\n<li class=\"list-item\">\n<div class=\"hkangles-list-icon\"><i aria-hidden=\"true\" class=\"flaticon flaticon-check-mark\"><\/i><\/div>\n<p class=\"hkangles-list-info\"><a href=\"#\" target=\"_blank\" rel=\"nofollow noopener\">Foreign objects<\/a><\/p>\n<\/li>\n<\/ul>\n<\/div>\n\t\t\t\t<\/div>\n\t\t\t<\/div>\n\t\t\t<div class=\"read-more-link\">\n\t\t\t\t<a href=\"https:\/\/hausmeisterwerk.de\/en\/Hausmeisterserviceservice\/glasreinigung\">Read More<\/a>\n\t\t\t<\/div>\n\t\t<\/div>\n\t<\/div>\n<\/div>\n\t\t<\/div>\n\t\t\t\t<div class=\"hkangles-ele col-xl-4 col-lg-4 col-md-6 col-sm-12 hausmeisterservice-hausmeisterservice hkangles-service-style-wrap\">\n\t\t\t<div class=\"hkangles-service-slide\">\n\t<div class=\"hkangles-service-wrapper\">\t\t\t\t\n\t\t<div class=\"hkangles-service-thumbnail-wrapper\">\n\t\t\t\t\t\t<div class=\"hkangles-service-image-container\">\n\t\t\t\t\t\t\t\t\t<img decoding=\"async\" class=\"hkangles-service-image\" src=\"https:\/\/hausmeisterwerk.de\/wp-content\/uploads\/2021\/05\/Screenshot_2021-05-06-Gartenpflege-Hausmeisterwerk-GmbH-1.png\" alt=\"Gartenpflege\" title=\"\">\n\t\t\t\t\t\t\t\t<\/div>\t\t\t\t\n\t\t<\/div>\n\t\t<div class=\"hkangles-service-content-cover\">\n\t\t\t<div class=\"hkangles-service-icon\">\n\t\t\t\t\t\t\t\t\t<i class=\"flaticon-garden\"><\/i>\n\t\t\t\t\t\t\t\t<\/div>\t\n\t\t\t<div class=\"hkangles-service-title-wrap\">\n\t\t\t\t<h3 class=\"hkangles-service-title\"><a href=\"https:\/\/hausmeisterwerk.de\/en\/Hausmeisterserviceservice\/gartenpflege\">Gartenpflege<\/a><\/h3>\n\t\t\t\t<div class=\"hkangles-service-content\">\t\t\t\t\t\t\n\t\t\t\t\t<p>Der erste Eindruck ist die Visitenkarte Ihrer Immobilie! Das gilt insbesondere bei Gr\u00fcnfl\u00e4chen und Au\u00dfenanlagen, egal ob Wohnanlage oder Gewerbeobjekt. Ein gepflegtes und ansprechendes Umfeld tr\u00e4gt dabei erheblich zum Werterhalt Ihrer Immobilie bei. Zudem wirkt eine gepflegte Au\u00dfen- und Gr\u00fcnanlage sowohl f\u00fcr Bewohner oder Nutzer als auch f\u00fcr Besucher oder Kunden wesentlich attraktiver und einladender. Alle Gartenarbeiten werden mit Ihnen abgesprochen und nach Ihren W\u00fcnschen ausgef\u00fchrt [\u2026]<\/p>\n<div class=\"hkangles-list-wrapper\">\n<ul class=\"hkangles-list\">\n<li class=\"list-item\">\n<div class=\"hkangles-list-icon\"><i aria-hidden=\"true\" class=\"flaticon flaticon-check-mark\"><\/i><\/div>\n<p class=\"hkangles-list-info\"><a href=\"#\" target=\"_blank\" rel=\"nofollow noopener\">Years of mineral built up.<\/a><\/p>\n<\/li>\n<li class=\"list-item\">\n<div class=\"hkangles-list-icon\"><i aria-hidden=\"true\" class=\"flaticon flaticon-check-mark\"><\/i><\/div>\n<p class=\"hkangles-list-info\"><a href=\"#\" target=\"_blank\" rel=\"nofollow noopener\"> Root infested pipes<\/a><\/p>\n<\/li>\n<li class=\"list-item\">\n<div class=\"hkangles-list-icon\"><i aria-hidden=\"true\" class=\"flaticon flaticon-check-mark\"><\/i><\/div>\n<p class=\"hkangles-list-info\"><a href=\"#\" target=\"_blank\" rel=\"nofollow noopener\">Foreign objects<\/a><\/p>\n<\/li>\n<\/ul>\n<\/div>\n\t\t\t\t<\/div>\n\t\t\t<\/div>\n\t\t\t<div class=\"read-more-link\">\n\t\t\t\t<a href=\"https:\/\/hausmeisterwerk.de\/en\/Hausmeisterserviceservice\/gartenpflege\">Read More<\/a>\n\t\t\t<\/div>\n\t\t<\/div>\n\t<\/div>\n<\/div>\n\t\t<\/div>\n\t\t\t\t<div class=\"hkangles-ele col-xl-4 col-lg-4 col-md-6 col-sm-12 electrician hkangles-service-style-wrap\">\n\t\t\t<div class=\"hkangles-service-slide\">\n\t<div class=\"hkangles-service-wrapper\">\t\t\t\t\n\t\t<div class=\"hkangles-service-thumbnail-wrapper\">\n\t\t\t\t\t\t<div class=\"hkangles-service-image-container\">\n\t\t\t\t\t\t\t\t\t<img decoding=\"async\" class=\"hkangles-service-image\" src=\"https:\/\/hausmeisterwerk.de\/wp-content\/uploads\/2021\/01\/Winterdient-scaled.jpeg\" alt=\"Winterdienst\" title=\"\">\n\t\t\t\t\t\t\t\t<\/div>\t\t\t\t\n\t\t<\/div>\n\t\t<div class=\"hkangles-service-content-cover\">\n\t\t\t<div class=\"hkangles-service-icon\">\n\t\t\t\t\t\t\t\t\t<i class=\"flaticon-clean\"><\/i>\n\t\t\t\t\t\t\t\t<\/div>\t\n\t\t\t<div class=\"hkangles-service-title-wrap\">\n\t\t\t\t<h3 class=\"hkangles-service-title\"><a href=\"https:\/\/hausmeisterwerk.de\/en\/Hausmeisterserviceservice\/winterdienst\">Winterdienst<\/a><\/h3>\n\t\t\t\t<div class=\"hkangles-service-content\">\t\t\t\t\t\t\n\t\t\t\t\t<p>Der Winterdienst umfasst das Schneer\u00e4umen und das Streuen von einem \u00f6kologischen Splittgemisch um Gl\u00e4tte zu verhindern. Schnee und Eis beeintr\u00e4chtigen die Sicherheit auf Ihrem Gel\u00e4nde. Die Schneebeseitigung wird durch uns auf Pl\u00e4tzen, Gehwegen, Hauseing\u00e4ngen, Einfahrten durchgef\u00fchrt. Auf gro\u00dfen Fl\u00e4chen ist die Beseitigung von Schnee und Eis nur mit Schneepflug\/Schneefr\u00e4se zu bew\u00e4ltigen. Wir sind ab 01. November bis 31. M\u00e4rz 24 Stunden telefonisch erreichbar [\u2026] <\/p>\n<div class=\"hkangles-list-wrapper\">\n<ul class=\"hkangles-list\">\n<li class=\"list-item\">\n<div class=\"hkangles-list-icon\"><i aria-hidden=\"true\" class=\"flaticon flaticon-check-mark\"><\/i><\/div>\n<p class=\"hkangles-list-info\"><a href=\"#\" target=\"_blank\" rel=\"nofollow noopener\">Years of mineral built up.<\/a><\/p>\n<\/li>\n<li class=\"list-item\">\n<div class=\"hkangles-list-icon\"><i aria-hidden=\"true\" class=\"flaticon flaticon-check-mark\"><\/i><\/div>\n<p class=\"hkangles-list-info\"><a href=\"#\" target=\"_blank\" rel=\"nofollow noopener\"> Root infested pipes<\/a><\/p>\n<\/li>\n<li class=\"list-item\">\n<div class=\"hkangles-list-icon\"><i aria-hidden=\"true\" class=\"flaticon flaticon-check-mark\"><\/i><\/div>\n<p class=\"hkangles-list-info\"><a href=\"#\" target=\"_blank\" rel=\"nofollow noopener\">Foreign objects<\/a><\/p>\n<\/li>\n<\/ul>\n<\/div>\n\t\t\t\t<\/div>\n\t\t\t<\/div>\n\t\t\t<div class=\"read-more-link\">\n\t\t\t\t<a href=\"https:\/\/hausmeisterwerk.de\/en\/Hausmeisterserviceservice\/winterdienst\">Read More<\/a>\n\t\t\t<\/div>\n\t\t<\/div>\n\t<\/div>\n<\/div>\n\t\t<\/div>\n\t\t<\/div>\n\t\t<\/div>\n\t\t\t\t<\/div>\n\t\t\t\t<\/div>\n\t\t\t\t\t<\/div>\n\t\t<\/div>\n\t\t\t\t\t<\/div>\n\t\t<\/section>\n\t\t\t\t<\/div>\n\t\t","protected":false},"excerpt":{"rendered":"<p>Unsere Leistungen Steinreinigung Steinreinigung Egal ob Garageneinfahrt, Fassade, Terrasse oder Eingangsbereich \u2013 Pflastersteine und Natursteine werten jedes Grundst\u00fcck auf und geben dem Au\u00dfenbereich ein gepflegtes Aussehen. Wir sorgen zudem f\u00fcr eine sichere und saubere Umgebung auf Ihren Steinfl\u00e4chen. Wir beseitigen effektiv Algen, und Moos um die Rutschgefahr zu minimieren und das Erscheinungsbild Ihrer Steinoberfl\u00e4chen zu [&hellip;]<\/p>\n","protected":false},"author":1,"featured_media":0,"parent":0,"menu_order":13,"comment_status":"closed","ping_status":"closed","template":"","meta":{"_monsterinsights_skip_tracking":false,"_monsterinsights_sitenote_active":false,"_monsterinsights_sitenote_note":"","_monsterinsights_sitenote_category":0,"footnotes":""},"class_list":["post-1365","page","type-page","status-publish","hentry"],"_links":{"self":[{"href":"https:\/\/hausmeisterwerk.de\/en\/wp-json\/wp\/v2\/pages\/1365","targetHints":{"allow":["GET"]}}],"collection":[{"href":"https:\/\/hausmeisterwerk.de\/en\/wp-json\/wp\/v2\/pages"}],"about":[{"href":"https:\/\/hausmeisterwerk.de\/en\/wp-json\/wp\/v2\/types\/page"}],"author":[{"embeddable":true,"href":"https:\/\/hausmeisterwerk.de\/en\/wp-json\/wp\/v2\/users\/1"}],"replies":[{"embeddable":true,"href":"https:\/\/hausmeisterwerk.de\/en\/wp-json\/wp\/v2\/comments?post=1365"}],"version-history":[{"count":5,"href":"https:\/\/hausmeisterwerk.de\/en\/wp-json\/wp\/v2\/pages\/1365\/revisions"}],"predecessor-version":[{"id":22403,"href":"https:\/\/hausmeisterwerk.de\/en\/wp-json\/wp\/v2\/pages\/1365\/revisions\/22403"}],"wp:attachment":[{"href":"https:\/\/hausmeisterwerk.de\/en\/wp-json\/wp\/v2\/media?parent=1365"}],"curies":[{"name":"wp","href":"https:\/\/api.w.org\/{rel}","templated":true}]}}