{"id":1636,"date":"2020-07-27T23:40:32","date_gmt":"2020-07-27T23:40:32","guid":{"rendered":"http:\/\/themeshelby.com\/attarni\/?page_id=1636"},"modified":"2023-09-29T22:20:03","modified_gmt":"2023-09-29T20:20:03","slug":"testimonial","status":"publish","type":"page","link":"https:\/\/hausmeisterwerk.de\/en\/testimonial","title":{"rendered":"Impressum"},"content":{"rendered":"<div data-elementor-type=\"wp-page\" data-elementor-id=\"1636\" class=\"elementor elementor-1636\" data-elementor-post-type=\"page\">\n\t\t\t\t\t\t<section data-exad-particle-enable=\"false\" class=\"elementor-section elementor-top-section elementor-element elementor-element-be16dda elementor-section-boxed elementor-section-height-default elementor-section-height-default exad-parallax-effect-no exad-background-color-change-no cd-bg-color-transparent exad-glass-effect-no exad-sticky-section-no\" data-id=\"be16dda\" data-element_type=\"section\">\n\t\t\t\t\t\t<div class=\"elementor-container elementor-column-gap-default\">\n\t\t\t\t\t<div class=\"elementor-column elementor-col-100 elementor-top-column elementor-element elementor-element-901840b cd-bg-color-transparent exad-glass-effect-no exad-sticky-section-no\" data-id=\"901840b\" data-element_type=\"column\">\n\t\t\t<div class=\"elementor-widget-wrap elementor-element-populated\">\n\t\t\t\t\t\t<div class=\"elementor-element elementor-element-b6553fe exad-sticky-section-no exad-glass-effect-no elementor-widget elementor-widget-text-editor\" data-id=\"b6553fe\" data-element_type=\"widget\" data-widget_type=\"text-editor.default\">\n\t\t\t\t<div class=\"elementor-widget-container\">\n\t\t\t<style>\/*! elementor - v3.23.0 - 15-07-2024 *\/\n.elementor-widget-text-editor.elementor-drop-cap-view-stacked .elementor-drop-cap{background-color:#69727d;color:#fff}.elementor-widget-text-editor.elementor-drop-cap-view-framed .elementor-drop-cap{color:#69727d;border:3px solid;background-color:transparent}.elementor-widget-text-editor:not(.elementor-drop-cap-view-default) .elementor-drop-cap{margin-top:8px}.elementor-widget-text-editor:not(.elementor-drop-cap-view-default) .elementor-drop-cap-letter{width:1em;height:1em}.elementor-widget-text-editor .elementor-drop-cap{float:left;text-align:center;line-height:1;font-size:50px}.elementor-widget-text-editor .elementor-drop-cap-letter{display:inline-block}<\/style>\t\t\t\t<header><h1 style=\"text-align: center;\">Impressum<\/h1><div><h4>Angaben gem\u00e4\u00df \u00a7 5 TMG:<\/h4><div><p><span style=\"font-size: 12pt;\"><strong>Vertretungsberechtigter<\/strong><\/span><br \/><span style=\"font-size: 12pt;\">Hausmeisterwerk GmbH<\/span><br \/><span style=\"font-size: 12pt;\">Sprendlinger Landstra\u00dfe 23<\/span><br \/><span style=\"font-size: 12pt;\">63069 Offenbach am Main<br \/><\/span><\/p><p><span style=\"font-size: 12pt;\">Gesch\u00e4ftsf\u00fchrer: Abdelmajid Elkadoury<\/span><br \/><span style=\"font-size: 12pt;\">Handelsregister: HRB 53579<\/span><br \/><span style=\"font-size: 12pt;\">Registriegericht: Amtsgericht Offenbach am Main<\/span><\/p><h4>Kontakt:<\/h4><p><span style=\"font-size: 12pt;\">Telefon: <span class=\"contact-value\"><a href=\"tel:069 79272752\">069 79272752<\/a><\/span><\/span><br \/><span style=\"font-size: 12pt;\">E-Mail: <span class=\"contact-value\"><a href=\"mailto:info@hausmeisterwerk.de\">info@hausmeisterwerk.de<\/a><\/span><br \/><\/span><\/p><h4>Bilder und Grafiken:<\/h4><p><span style=\"font-size: 12pt;\">Angaben der Quelle f\u00fcr verwendetes Bilder- und Grafikmaterial:<\/span><br \/><span style=\"font-size: 12pt;\">https:\/\/stock.adobe.com<\/span><\/p><h4>Umsatzsteuer:<\/h4><p><span style=\"font-size: 12pt;\">Umsatzsteuer-Identifikationsnummer gem\u00e4\u00df \u00a727 a Umsatzsteuergesetz: DE342483580<\/span><\/p><h4>Verantwortlich f\u00fcr den Inhalt nach \u00a7 5 TMG \/ \u00a7 55 Abs. 2 RStV:<\/h4><p><span style=\"font-size: 12pt;\">Hausmeisterwerk GmbH<\/span><br \/><span style=\"font-size: 12pt;\">Sprendlinger Landstra\u00dfe 23<\/span><br \/><span style=\"font-size: 12pt;\">63069 Offenbach am Main<\/span><\/p><h3 class=\"western\"><span style=\"color: #000000;\"><span style=\"font-family: Open Sans, HelveticaNeue, Helvetica Neue, Helvetica, Arial, sans-serif;\"><span style=\"font-size: large;\"><strong>Streitschlichtung<\/strong><\/span><\/span><\/span><\/h3><p><span style=\"color: #000000;\"><span style=\"font-family: Open Sans, HelveticaNeue, Helvetica Neue, Helvetica, Arial, sans-serif;\"><span style=\"font-size: medium;\">Die Europ\u00e4ische Kommission stellt eine Plattform zur Online-Streitbeilegung (OS) bereit:\u00a0<\/span><\/span><\/span><a href=\"https:\/\/ec.europa.eu\/consumers\/odr\" target=\"_blank\" rel=\"noopener\"><span style=\"color: #163376;\"><span style=\"font-family: Open Sans, HelveticaNeue, Helvetica Neue, Helvetica, Arial, sans-serif;\"><span style=\"font-size: medium;\"><u>https:\/\/ec.europa.eu\/consumers\/odr<\/u><\/span><\/span><\/span><\/a><span style=\"color: #000000;\"><span style=\"font-family: Open Sans, HelveticaNeue, Helvetica Neue, Helvetica, Arial, sans-serif;\"><span style=\"font-size: medium;\">. Unsere E-Mail-Adresse finden Sie oben im Impressum.<\/span><\/span><\/span> <span style=\"color: #000000;\"><span style=\"font-family: Open Sans, HelveticaNeue, Helvetica Neue, Helvetica, Arial, sans-serif;\"><span style=\"font-size: medium;\">Wir sind nicht bereit oder verpflichtet, an Streitbeilegungsverfahren vor einer Verbraucherschlichtungsstelle teilzunehmen.<\/span><\/span><\/span><\/p><h3 class=\"western\"><span style=\"color: #000000;\"><span style=\"font-family: Open Sans, HelveticaNeue, Helvetica Neue, Helvetica, Arial, sans-serif;\"><span style=\"font-size: large;\"><strong>Haftung f\u00fcr Inhalte<\/strong><\/span><\/span><\/span><\/h3><p><span style=\"color: #000000;\"><span style=\"font-family: Open Sans, HelveticaNeue, Helvetica Neue, Helvetica, Arial, sans-serif;\"><span style=\"font-size: medium;\">Als<br \/>Diensteanbieter sind wir gem\u00e4\u00df \u00a7 7 Abs.1 TMG f\u00fcr eigene Inhalte auf<br \/>diesen Seiten nach den allgemeinen Gesetzen verantwortlich. Nach \u00a7\u00a7 8<br \/>bis 10 TMG sind wir als Diensteanbieter jedoch nicht verpflichtet,<br \/>\u00fcbermittelte oder gespeicherte fremde Informationen zu \u00fcberwachen oder<br \/>nach Umst\u00e4nden zu forschen, die auf eine rechtswidrige T\u00e4tigkeit<br \/>hinweisen.<\/span><\/span><\/span> <span style=\"color: #000000;\"><span style=\"font-family: Open Sans, HelveticaNeue, Helvetica Neue, Helvetica, Arial, sans-serif;\"><span style=\"font-size: medium;\">Verpflichtungen<br \/>zur Entfernung oder Sperrung der Nutzung von Informationen nach den<br \/>allgemeinen Gesetzen bleiben hiervon unber\u00fchrt. Eine diesbez\u00fcgliche<br \/>Haftung ist jedoch erst ab dem Zeitpunkt der Kenntnis einer konkreten<br \/>Rechtsverletzung m\u00f6glich. Bei Bekanntwerden von entsprechenden<br \/>Rechtsverletzungen werden wir diese Inhalte umgehend entfernen.<\/span><\/span><\/span><\/p><h3 class=\"western\"><span style=\"color: #000000;\"><span style=\"font-family: Open Sans, HelveticaNeue, Helvetica Neue, Helvetica, Arial, sans-serif;\"><span style=\"font-size: large;\"><strong>Haftung f\u00fcr Links<\/strong><\/span><\/span><\/span><\/h3><p><span style=\"color: #000000;\"><span style=\"font-family: Open Sans, HelveticaNeue, Helvetica Neue, Helvetica, Arial, sans-serif;\"><span style=\"font-size: medium;\">Unser<br \/>Angebot enth\u00e4lt Links zu externen Websites Dritter, auf deren Inhalte<br \/>wir keinen Einfluss haben. Deshalb k\u00f6nnen wir f\u00fcr diese fremden Inhalte<br \/>auch keine Gew\u00e4hr \u00fcbernehmen. F\u00fcr die Inhalte der verlinkten Seiten ist<br \/>stets der jeweilige Anbieter oder Betreiber der Seiten verantwortlich.<br \/>Die verlinkten Seiten wurden zum Zeitpunkt der Verlinkung auf m\u00f6gliche<br \/>Rechtsverst\u00f6\u00dfe \u00fcberpr\u00fcft. Rechtswidrige Inhalte waren zum Zeitpunkt der<br \/>Verlinkung nicht erkennbar.<\/span><\/span><\/span> <span style=\"color: #000000;\"><span style=\"font-family: Open Sans, HelveticaNeue, Helvetica Neue, Helvetica, Arial, sans-serif;\"><span style=\"font-size: medium;\">Eine<br \/>permanente inhaltliche Kontrolle der verlinkten Seiten ist jedoch ohne<br \/>konkrete Anhaltspunkte einer Rechtsverletzung nicht zumutbar. Bei<br \/>Bekanntwerden von Rechtsverletzungen werden wir derartige Links umgehend<br \/>entfernen.<\/span><\/span><\/span><\/p><\/div><\/div><div>\u00a0<\/div><\/header>\t\t\t\t\t\t<\/div>\n\t\t\t\t<\/div>\n\t\t\t\t\t<\/div>\n\t\t<\/div>\n\t\t\t\t\t<\/div>\n\t\t<\/section>\n\t\t\t\t<\/div>","protected":false},"excerpt":{"rendered":"<p>Impressum Angaben gem\u00e4\u00df \u00a7 5 TMG: VertretungsberechtigterHausmeisterwerk GmbHSprendlinger Landstra\u00dfe 2363069 Offenbach am Main Gesch\u00e4ftsf\u00fchrer: Abdelmajid ElkadouryHandelsregister: HRB 53579Registriegericht: Amtsgericht Offenbach am Main Kontakt: Telefon: 069 79272752E-Mail: info@hausmeisterwerk.de Bilder und Grafiken: Angaben der Quelle f\u00fcr verwendetes Bilder- und Grafikmaterial:https:\/\/stock.adobe.com Umsatzsteuer: Umsatzsteuer-Identifikationsnummer gem\u00e4\u00df \u00a727 a Umsatzsteuergesetz: DE342483580 Verantwortlich f\u00fcr den Inhalt nach \u00a7 5 TMG \/ \u00a7 [&hellip;]<\/p>\n","protected":false},"author":1,"featured_media":0,"parent":0,"menu_order":10,"comment_status":"closed","ping_status":"closed","template":"","meta":{"_monsterinsights_skip_tracking":false,"_monsterinsights_sitenote_active":false,"_monsterinsights_sitenote_note":"","_monsterinsights_sitenote_category":0,"footnotes":""},"class_list":["post-1636","page","type-page","status-publish","hentry","without-image"],"_links":{"self":[{"href":"https:\/\/hausmeisterwerk.de\/en\/wp-json\/wp\/v2\/pages\/1636","targetHints":{"allow":["GET"]}}],"collection":[{"href":"https:\/\/hausmeisterwerk.de\/en\/wp-json\/wp\/v2\/pages"}],"about":[{"href":"https:\/\/hausmeisterwerk.de\/en\/wp-json\/wp\/v2\/types\/page"}],"author":[{"embeddable":true,"href":"https:\/\/hausmeisterwerk.de\/en\/wp-json\/wp\/v2\/users\/1"}],"replies":[{"embeddable":true,"href":"https:\/\/hausmeisterwerk.de\/en\/wp-json\/wp\/v2\/comments?post=1636"}],"version-history":[{"count":10,"href":"https:\/\/hausmeisterwerk.de\/en\/wp-json\/wp\/v2\/pages\/1636\/revisions"}],"predecessor-version":[{"id":25564,"href":"https:\/\/hausmeisterwerk.de\/en\/wp-json\/wp\/v2\/pages\/1636\/revisions\/25564"}],"wp:attachment":[{"href":"https:\/\/hausmeisterwerk.de\/en\/wp-json\/wp\/v2\/media?parent=1636"}],"curies":[{"name":"wp","href":"https:\/\/api.w.org\/{rel}","templated":true}]}}